{"id":1175,"date":"2014-12-10T20:25:50","date_gmt":"2014-12-10T19:25:50","guid":{"rendered":"http:\/\/aldwald.nl\/db\/?page_id=1175"},"modified":"2014-12-10T20:31:56","modified_gmt":"2014-12-10T19:31:56","slug":"doarpsliet","status":"publish","type":"page","link":"https:\/\/aldwald.nl\/db\/over-aldwald\/doarpsliet\/","title":{"rendered":"Doarpsliet"},"content":{"rendered":"<p>Jacob de Boer heeft in 1937 het dorpslied \u2018Us plakje gr\u00fbn\u2019 geschreven. Bij bijna alle belangrijke dorpsevenementen wordt het lied gespeeld en gezongen. In het lied geeft hij een beschrijving van <\/p>\n<p><strong>Us Plakje gr\u00fbn<\/strong><\/p>\n<p>D\u00ear is mar ien noflik plakje<br \/>\nOp de hiele wide wr\u00e2ld.<br \/>\nEn dat is it sm\u00fbtkste plakje<br \/>\nMei de namme fan Aldw\u00e2ld.<br \/>\nW\u00ear\u2019t wy yn de wr\u00e2ld ek rinne<br \/>\nTichteby of fier fan h\u00fas.<br \/>\nNearne kin wy better hint<br \/>\nYn Aldw\u00e2ld d\u00ear bin wy th\u00fas.<\/p>\n<p>W\u00e2lddyk mei syn fee en greiden<br \/>\nPronkjuwiel fan \u00fas kontrei.<br \/>\n\u2019t Ald-Djip mei syn seame reiden<br \/>\nIs in libben skilderij.<br \/>\nDoale troch \u00fas \u00e2lde Wygeast<br \/>\nMei syn r\u00east en beammetoai:<br \/>\nDe Boskreed en Lange-We l\u00e2ns<br \/>\nOeral is \u2019t hjir sm\u00fbk en moai!<\/p>\n<p>(wize: \u2018D\u00ear \u2019t de dyk it l\u00e2n omklammet\u2019)<\/p>\n","protected":false},"excerpt":{"rendered":"<p>Jacob de Boer heeft in 1937 het dorpslied \u2018Us plakje gr\u00fbn\u2019 geschreven. Bij bijna alle belangrijke dorpsevenementen wordt het lied gespeeld en gezongen. In&#8230; <a href=\"https:\/\/aldwald.nl\/db\/over-aldwald\/doarpsliet\/\">Lees volledige bericht<\/a><\/p>\n","protected":false},"author":2,"featured_media":0,"parent":9,"menu_order":0,"comment_status":"open","ping_status":"open","template":"","meta":[],"_links":{"self":[{"href":"https:\/\/aldwald.nl\/db\/wp-json\/wp\/v2\/pages\/1175"}],"collection":[{"href":"https:\/\/aldwald.nl\/db\/wp-json\/wp\/v2\/pages"}],"about":[{"href":"https:\/\/aldwald.nl\/db\/wp-json\/wp\/v2\/types\/page"}],"author":[{"embeddable":true,"href":"https:\/\/aldwald.nl\/db\/wp-json\/wp\/v2\/users\/2"}],"replies":[{"embeddable":true,"href":"https:\/\/aldwald.nl\/db\/wp-json\/wp\/v2\/comments?post=1175"}],"version-history":[{"count":7,"href":"https:\/\/aldwald.nl\/db\/wp-json\/wp\/v2\/pages\/1175\/revisions"}],"predecessor-version":[{"id":1182,"href":"https:\/\/aldwald.nl\/db\/wp-json\/wp\/v2\/pages\/1175\/revisions\/1182"}],"up":[{"embeddable":true,"href":"https:\/\/aldwald.nl\/db\/wp-json\/wp\/v2\/pages\/9"}],"wp:attachment":[{"href":"https:\/\/aldwald.nl\/db\/wp-json\/wp\/v2\/media?parent=1175"}],"curies":[{"name":"wp","href":"https:\/\/api.w.org\/{rel}","templated":true}]}}